{"id":12963,"date":"2023-04-23T01:00:20","date_gmt":"2023-04-22T23:00:20","guid":{"rendered":"https:\/\/blancfestival.com\/home-2023\/"},"modified":"2026-02-10T06:35:20","modified_gmt":"2026-02-10T05:35:20","slug":"home-2023-2","status":"publish","type":"page","link":"https:\/\/blancfestival.com\/ca\/","title":{"rendered":"Festival de Disseny, Innovaci\u00f3 i Creativitat"},"content":{"rendered":"","protected":false},"excerpt":{"rendered":"","protected":false},"author":1,"featured_media":12477,"parent":0,"menu_order":32,"comment_status":"closed","ping_status":"closed","template":"pages\/home.php","meta":{"_acf_changed":false,"footnotes":""},"evento":[],"class_list":["post-12963","page","type-page","status-publish","has-post-thumbnail","hentry"],"acf":[],"yoast_head":"<!-- This site is optimized with the Yoast SEO plugin v23.7 - https:\/\/yoast.com\/wordpress\/plugins\/seo\/ -->\n<title>Blanc! Festival de Dise\u00f1o, Innovaci\u00f3n y Creatividad<\/title>\n<meta name=\"description\" content=\"El \u00fanico festival que combina diversi\u00f3n, inspiraci\u00f3n y aprendizaje. Un congreso que te inspirar\u00e1 y motivar\u00e1 para dar el salto al siguiente nivel.\" \/>\n<meta name=\"robots\" content=\"index, follow, max-snippet:-1, max-image-preview:large, max-video-preview:-1\" \/>\n<link rel=\"canonical\" href=\"https:\/\/blancfestival.com\/ca\/\" \/>\n<meta property=\"og:locale\" content=\"ca_ES\" \/>\n<meta property=\"og:type\" content=\"article\" \/>\n<meta property=\"og:title\" content=\"Blanc! Festival de Dise\u00f1o, Innovaci\u00f3n y Creatividad\" \/>\n<meta property=\"og:description\" content=\"El \u00fanico festival que combina diversi\u00f3n, inspiraci\u00f3n y aprendizaje. Un congreso que te inspirar\u00e1 y motivar\u00e1 para dar el salto al siguiente nivel.\" \/>\n<meta property=\"og:url\" content=\"https:\/\/blancfestival.com\/ca\/\" \/>\n<meta property=\"og:site_name\" content=\"Blanc!\" \/>\n<meta property=\"article:publisher\" content=\"https:\/\/www.facebook.com\/blanc.festivaldissenygrafic\/\" \/>\n<meta property=\"article:modified_time\" content=\"2026-02-10T05:35:20+00:00\" \/>\n<meta property=\"og:image\" content=\"https:\/\/blancfestival.com\/wp-content\/uploads\/2023\/04\/15-blanc-festival.jpg\" \/>\n\t<meta property=\"og:image:width\" content=\"2560\" \/>\n\t<meta property=\"og:image:height\" content=\"1707\" \/>\n\t<meta property=\"og:image:type\" content=\"image\/jpeg\" \/>\n<meta name=\"twitter:card\" content=\"summary_large_image\" \/>\n<meta name=\"twitter:site\" content=\"@blancfest\" \/>\n<meta name=\"twitter:label1\" content=\"Est. reading time\" \/>\n\t<meta name=\"twitter:data1\" content=\"1 minute\" \/>\n<script type=\"application\/ld+json\" class=\"yoast-schema-graph\">{\"@context\":\"https:\/\/schema.org\",\"@graph\":[{\"@type\":\"WebPage\",\"@id\":\"https:\/\/blancfestival.com\/ca\/\",\"url\":\"https:\/\/blancfestival.com\/ca\/\",\"name\":\"Blanc! Festival de Dise\u00f1o, Innovaci\u00f3n y Creatividad\",\"isPartOf\":{\"@id\":\"https:\/\/blancfestival.com\/#website\"},\"primaryImageOfPage\":{\"@id\":\"https:\/\/blancfestival.com\/ca\/#primaryimage\"},\"image\":{\"@id\":\"https:\/\/blancfestival.com\/ca\/#primaryimage\"},\"thumbnailUrl\":\"https:\/\/blancfestival.com\/wp-content\/uploads\/2023\/04\/15-blanc-festival.jpg\",\"datePublished\":\"2023-04-22T23:00:20+00:00\",\"dateModified\":\"2026-02-10T05:35:20+00:00\",\"description\":\"El \u00fanico festival que combina diversi\u00f3n, inspiraci\u00f3n y aprendizaje. Un congreso que te inspirar\u00e1 y motivar\u00e1 para dar el salto al siguiente nivel.\",\"breadcrumb\":{\"@id\":\"https:\/\/blancfestival.com\/ca\/#breadcrumb\"},\"inLanguage\":\"ca\",\"potentialAction\":[{\"@type\":\"ReadAction\",\"target\":[\"https:\/\/blancfestival.com\/ca\/\"]}]},{\"@type\":\"ImageObject\",\"inLanguage\":\"ca\",\"@id\":\"https:\/\/blancfestival.com\/ca\/#primaryimage\",\"url\":\"https:\/\/blancfestival.com\/wp-content\/uploads\/2023\/04\/15-blanc-festival.jpg\",\"contentUrl\":\"https:\/\/blancfestival.com\/wp-content\/uploads\/2023\/04\/15-blanc-festival.jpg\",\"width\":2560,\"height\":1707},{\"@type\":\"BreadcrumbList\",\"@id\":\"https:\/\/blancfestival.com\/ca\/#breadcrumb\",\"itemListElement\":[{\"@type\":\"ListItem\",\"position\":1,\"name\":\"Portada\",\"item\":\"https:\/\/blancfestival.com\/ca\/\"},{\"@type\":\"ListItem\",\"position\":2,\"name\":\"Festival de Disseny, Innovaci\u00f3 i Creativitat\"}]},{\"@type\":\"WebSite\",\"@id\":\"https:\/\/blancfestival.com\/#website\",\"url\":\"https:\/\/blancfestival.com\/\",\"name\":\"Blanc! Festival\",\"description\":\"Disseny, Creativitat i Innovaci\u00f3\",\"publisher\":{\"@id\":\"https:\/\/blancfestival.com\/#organization\"},\"potentialAction\":[{\"@type\":\"SearchAction\",\"target\":{\"@type\":\"EntryPoint\",\"urlTemplate\":\"https:\/\/blancfestival.com\/?s={search_term_string}\"},\"query-input\":{\"@type\":\"PropertyValueSpecification\",\"valueRequired\":true,\"valueName\":\"search_term_string\"}}],\"inLanguage\":\"ca\"},{\"@type\":\"Organization\",\"@id\":\"https:\/\/blancfestival.com\/#organization\",\"name\":\"Blanc! Festival de Dise\u00f1o, Creatividad e Innovaci\u00f3n\",\"url\":\"https:\/\/blancfestival.com\/\",\"logo\":{\"@type\":\"ImageObject\",\"inLanguage\":\"ca\",\"@id\":\"https:\/\/blancfestival.com\/#\/schema\/logo\/image\/\",\"url\":\"https:\/\/blancfestival.com\/wp-content\/uploads\/2025\/01\/logo_icono_blanc.jpg\",\"contentUrl\":\"https:\/\/blancfestival.com\/wp-content\/uploads\/2025\/01\/logo_icono_blanc.jpg\",\"width\":2000,\"height\":2000,\"caption\":\"Blanc! Festival de Dise\u00f1o, Creatividad e Innovaci\u00f3n\"},\"image\":{\"@id\":\"https:\/\/blancfestival.com\/#\/schema\/logo\/image\/\"},\"sameAs\":[\"https:\/\/www.facebook.com\/blanc.festivaldissenygrafic\/\",\"https:\/\/x.com\/blancfest\",\"https:\/\/www.instagram.com\/blancfest\/\",\"https:\/\/www.linkedin.com\/company\/blanc-festival\",\"https:\/\/www.pinterest.com\/blancfest\/\",\"https:\/\/www.youtube.com\/channel\/UCM-IjxOFb5gQg4yPgmze3Gg\"]}]}<\/script>\n<!-- \/ Yoast SEO plugin. -->","yoast_head_json":{"title":"Blanc! Festival de Dise\u00f1o, Innovaci\u00f3n y Creatividad","description":"El \u00fanico festival que combina diversi\u00f3n, inspiraci\u00f3n y aprendizaje. Un congreso que te inspirar\u00e1 y motivar\u00e1 para dar el salto al siguiente nivel.","robots":{"index":"index","follow":"follow","max-snippet":"max-snippet:-1","max-image-preview":"max-image-preview:large","max-video-preview":"max-video-preview:-1"},"canonical":"https:\/\/blancfestival.com\/ca\/","og_locale":"ca_ES","og_type":"article","og_title":"Blanc! Festival de Dise\u00f1o, Innovaci\u00f3n y Creatividad","og_description":"El \u00fanico festival que combina diversi\u00f3n, inspiraci\u00f3n y aprendizaje. Un congreso que te inspirar\u00e1 y motivar\u00e1 para dar el salto al siguiente nivel.","og_url":"https:\/\/blancfestival.com\/ca\/","og_site_name":"Blanc!","article_publisher":"https:\/\/www.facebook.com\/blanc.festivaldissenygrafic\/","article_modified_time":"2026-02-10T05:35:20+00:00","og_image":[{"width":2560,"height":1707,"url":"https:\/\/blancfestival.com\/wp-content\/uploads\/2023\/04\/15-blanc-festival.jpg","type":"image\/jpeg"}],"twitter_card":"summary_large_image","twitter_site":"@blancfest","twitter_misc":{"Est. reading time":"1 minute"},"schema":{"@context":"https:\/\/schema.org","@graph":[{"@type":"WebPage","@id":"https:\/\/blancfestival.com\/ca\/","url":"https:\/\/blancfestival.com\/ca\/","name":"Blanc! Festival de Dise\u00f1o, Innovaci\u00f3n y Creatividad","isPartOf":{"@id":"https:\/\/blancfestival.com\/#website"},"primaryImageOfPage":{"@id":"https:\/\/blancfestival.com\/ca\/#primaryimage"},"image":{"@id":"https:\/\/blancfestival.com\/ca\/#primaryimage"},"thumbnailUrl":"https:\/\/blancfestival.com\/wp-content\/uploads\/2023\/04\/15-blanc-festival.jpg","datePublished":"2023-04-22T23:00:20+00:00","dateModified":"2026-02-10T05:35:20+00:00","description":"El \u00fanico festival que combina diversi\u00f3n, inspiraci\u00f3n y aprendizaje. Un congreso que te inspirar\u00e1 y motivar\u00e1 para dar el salto al siguiente nivel.","breadcrumb":{"@id":"https:\/\/blancfestival.com\/ca\/#breadcrumb"},"inLanguage":"ca","potentialAction":[{"@type":"ReadAction","target":["https:\/\/blancfestival.com\/ca\/"]}]},{"@type":"ImageObject","inLanguage":"ca","@id":"https:\/\/blancfestival.com\/ca\/#primaryimage","url":"https:\/\/blancfestival.com\/wp-content\/uploads\/2023\/04\/15-blanc-festival.jpg","contentUrl":"https:\/\/blancfestival.com\/wp-content\/uploads\/2023\/04\/15-blanc-festival.jpg","width":2560,"height":1707},{"@type":"BreadcrumbList","@id":"https:\/\/blancfestival.com\/ca\/#breadcrumb","itemListElement":[{"@type":"ListItem","position":1,"name":"Portada","item":"https:\/\/blancfestival.com\/ca\/"},{"@type":"ListItem","position":2,"name":"Festival de Disseny, Innovaci\u00f3 i Creativitat"}]},{"@type":"WebSite","@id":"https:\/\/blancfestival.com\/#website","url":"https:\/\/blancfestival.com\/","name":"Blanc! Festival","description":"Disseny, Creativitat i Innovaci\u00f3","publisher":{"@id":"https:\/\/blancfestival.com\/#organization"},"potentialAction":[{"@type":"SearchAction","target":{"@type":"EntryPoint","urlTemplate":"https:\/\/blancfestival.com\/?s={search_term_string}"},"query-input":{"@type":"PropertyValueSpecification","valueRequired":true,"valueName":"search_term_string"}}],"inLanguage":"ca"},{"@type":"Organization","@id":"https:\/\/blancfestival.com\/#organization","name":"Blanc! Festival de Dise\u00f1o, Creatividad e Innovaci\u00f3n","url":"https:\/\/blancfestival.com\/","logo":{"@type":"ImageObject","inLanguage":"ca","@id":"https:\/\/blancfestival.com\/#\/schema\/logo\/image\/","url":"https:\/\/blancfestival.com\/wp-content\/uploads\/2025\/01\/logo_icono_blanc.jpg","contentUrl":"https:\/\/blancfestival.com\/wp-content\/uploads\/2025\/01\/logo_icono_blanc.jpg","width":2000,"height":2000,"caption":"Blanc! Festival de Dise\u00f1o, Creatividad e Innovaci\u00f3n"},"image":{"@id":"https:\/\/blancfestival.com\/#\/schema\/logo\/image\/"},"sameAs":["https:\/\/www.facebook.com\/blanc.festivaldissenygrafic\/","https:\/\/x.com\/blancfest","https:\/\/www.instagram.com\/blancfest\/","https:\/\/www.linkedin.com\/company\/blanc-festival","https:\/\/www.pinterest.com\/blancfest\/","https:\/\/www.youtube.com\/channel\/UCM-IjxOFb5gQg4yPgmze3Gg"]}]}},"_links":{"self":[{"href":"https:\/\/blancfestival.com\/ca\/wp-json\/wp\/v2\/pages\/12963","targetHints":{"allow":["GET"]}}],"collection":[{"href":"https:\/\/blancfestival.com\/ca\/wp-json\/wp\/v2\/pages"}],"about":[{"href":"https:\/\/blancfestival.com\/ca\/wp-json\/wp\/v2\/types\/page"}],"author":[{"embeddable":true,"href":"https:\/\/blancfestival.com\/ca\/wp-json\/wp\/v2\/users\/1"}],"replies":[{"embeddable":true,"href":"https:\/\/blancfestival.com\/ca\/wp-json\/wp\/v2\/comments?post=12963"}],"version-history":[{"count":9,"href":"https:\/\/blancfestival.com\/ca\/wp-json\/wp\/v2\/pages\/12963\/revisions"}],"predecessor-version":[{"id":19924,"href":"https:\/\/blancfestival.com\/ca\/wp-json\/wp\/v2\/pages\/12963\/revisions\/19924"}],"wp:featuredmedia":[{"embeddable":true,"href":"https:\/\/blancfestival.com\/ca\/wp-json\/wp\/v2\/media\/12477"}],"wp:attachment":[{"href":"https:\/\/blancfestival.com\/ca\/wp-json\/wp\/v2\/media?parent=12963"}],"wp:term":[{"taxonomy":"evento","embeddable":true,"href":"https:\/\/blancfestival.com\/ca\/wp-json\/wp\/v2\/evento?post=12963"}],"curies":[{"name":"wp","href":"https:\/\/api.w.org\/{rel}","templated":true}]}}