{"id":1959,"date":"2020-03-19T14:02:44","date_gmt":"2020-03-19T13:02:44","guid":{"rendered":"https:\/\/blancfestival.com\/?page_id=1959"},"modified":"2020-10-26T18:05:54","modified_gmt":"2020-10-26T17:05:54","slug":"blanc-days","status":"publish","type":"page","link":"https:\/\/blancfestival.com\/ca\/blanc-days\/","title":{"rendered":"Videos Blanc! countdown"},"content":{"rendered":"","protected":false},"excerpt":{"rendered":"","protected":false},"author":1,"featured_media":4675,"parent":0,"menu_order":60,"comment_status":"closed","ping_status":"closed","template":"page-cuenta-regresiva.php","meta":{"_acf_changed":false,"footnotes":""},"evento":[],"class_list":["post-1959","page","type-page","status-publish","has-post-thumbnail","hentry"],"acf":[],"yoast_head":"<!-- This site is optimized with the Yoast SEO plugin v23.7 - https:\/\/yoast.com\/wordpress\/plugins\/seo\/ -->\n<title>Blanc Days!<\/title>\n<meta name=\"description\" content=\"Entrevistas y charlas sobre dise\u00f1o, creatividad e innovaci\u00f3n durante la edici\u00f3n n.12 de Blanc!\" \/>\n<meta name=\"robots\" content=\"index, follow, max-snippet:-1, max-image-preview:large, max-video-preview:-1\" \/>\n<link rel=\"canonical\" href=\"https:\/\/blancfestival.com\/blanc-days\/\" \/>\n<meta property=\"og:locale\" content=\"ca_ES\" \/>\n<meta property=\"og:type\" content=\"article\" \/>\n<meta property=\"og:title\" content=\"Blanc Days!\" \/>\n<meta property=\"og:description\" content=\"Entrevistas y charlas sobre dise\u00f1o, creatividad e innovaci\u00f3n durante la edici\u00f3n n.12 de Blanc!\" \/>\n<meta property=\"og:url\" content=\"https:\/\/blancfestival.com\/blanc-days\/\" \/>\n<meta property=\"og:site_name\" content=\"Blanc!\" \/>\n<meta property=\"article:publisher\" content=\"https:\/\/www.facebook.com\/blanc.festivaldissenygrafic\/\" \/>\n<meta property=\"article:modified_time\" content=\"2020-10-26T17:05:54+00:00\" \/>\n<meta property=\"og:image\" content=\"https:\/\/blancfestival.com\/wp-content\/uploads\/2020\/10\/feed_generico.png\" \/>\n\t<meta property=\"og:image:width\" content=\"1081\" \/>\n\t<meta property=\"og:image:height\" content=\"1081\" \/>\n\t<meta property=\"og:image:type\" content=\"image\/png\" \/>\n<meta name=\"twitter:card\" content=\"summary_large_image\" \/>\n<meta name=\"twitter:site\" content=\"@blancfest\" \/>\n<script type=\"application\/ld+json\" class=\"yoast-schema-graph\">{\"@context\":\"https:\/\/schema.org\",\"@graph\":[{\"@type\":\"WebPage\",\"@id\":\"https:\/\/blancfestival.com\/blanc-days\/\",\"url\":\"https:\/\/blancfestival.com\/blanc-days\/\",\"name\":\"Blanc Days!\",\"isPartOf\":{\"@id\":\"https:\/\/blancfestival.com\/#website\"},\"primaryImageOfPage\":{\"@id\":\"https:\/\/blancfestival.com\/blanc-days\/#primaryimage\"},\"image\":{\"@id\":\"https:\/\/blancfestival.com\/blanc-days\/#primaryimage\"},\"thumbnailUrl\":\"https:\/\/blancfestival.com\/wp-content\/uploads\/2020\/10\/feed_generico.png\",\"datePublished\":\"2020-03-19T13:02:44+00:00\",\"dateModified\":\"2020-10-26T17:05:54+00:00\",\"description\":\"Entrevistas y charlas sobre dise\u00f1o, creatividad e innovaci\u00f3n durante la edici\u00f3n n.12 de Blanc!\",\"breadcrumb\":{\"@id\":\"https:\/\/blancfestival.com\/blanc-days\/#breadcrumb\"},\"inLanguage\":\"ca\",\"potentialAction\":[{\"@type\":\"ReadAction\",\"target\":[\"https:\/\/blancfestival.com\/blanc-days\/\"]}]},{\"@type\":\"ImageObject\",\"inLanguage\":\"ca\",\"@id\":\"https:\/\/blancfestival.com\/blanc-days\/#primaryimage\",\"url\":\"https:\/\/blancfestival.com\/wp-content\/uploads\/2020\/10\/feed_generico.png\",\"contentUrl\":\"https:\/\/blancfestival.com\/wp-content\/uploads\/2020\/10\/feed_generico.png\",\"width\":1081,\"height\":1081},{\"@type\":\"BreadcrumbList\",\"@id\":\"https:\/\/blancfestival.com\/blanc-days\/#breadcrumb\",\"itemListElement\":[{\"@type\":\"ListItem\",\"position\":1,\"name\":\"Portada\",\"item\":\"https:\/\/blancfestival.com\/ca\/\"},{\"@type\":\"ListItem\",\"position\":2,\"name\":\"Videos Blanc! countdown\"}]},{\"@type\":\"WebSite\",\"@id\":\"https:\/\/blancfestival.com\/#website\",\"url\":\"https:\/\/blancfestival.com\/\",\"name\":\"Blanc! Festival\",\"description\":\"Disseny, Creativitat i Innovaci\u00f3\",\"publisher\":{\"@id\":\"https:\/\/blancfestival.com\/#organization\"},\"potentialAction\":[{\"@type\":\"SearchAction\",\"target\":{\"@type\":\"EntryPoint\",\"urlTemplate\":\"https:\/\/blancfestival.com\/?s={search_term_string}\"},\"query-input\":{\"@type\":\"PropertyValueSpecification\",\"valueRequired\":true,\"valueName\":\"search_term_string\"}}],\"inLanguage\":\"ca\"},{\"@type\":\"Organization\",\"@id\":\"https:\/\/blancfestival.com\/#organization\",\"name\":\"Blanc! Festival de Dise\u00f1o, Creatividad e Innovaci\u00f3n\",\"url\":\"https:\/\/blancfestival.com\/\",\"logo\":{\"@type\":\"ImageObject\",\"inLanguage\":\"ca\",\"@id\":\"https:\/\/blancfestival.com\/#\/schema\/logo\/image\/\",\"url\":\"https:\/\/blancfestival.com\/wp-content\/uploads\/2025\/01\/logo_icono_blanc.jpg\",\"contentUrl\":\"https:\/\/blancfestival.com\/wp-content\/uploads\/2025\/01\/logo_icono_blanc.jpg\",\"width\":2000,\"height\":2000,\"caption\":\"Blanc! Festival de Dise\u00f1o, Creatividad e Innovaci\u00f3n\"},\"image\":{\"@id\":\"https:\/\/blancfestival.com\/#\/schema\/logo\/image\/\"},\"sameAs\":[\"https:\/\/www.facebook.com\/blanc.festivaldissenygrafic\/\",\"https:\/\/x.com\/blancfest\",\"https:\/\/www.instagram.com\/blancfest\/\",\"https:\/\/www.linkedin.com\/company\/blanc-festival\",\"https:\/\/www.pinterest.com\/blancfest\/\",\"https:\/\/www.youtube.com\/channel\/UCM-IjxOFb5gQg4yPgmze3Gg\"]}]}<\/script>\n<!-- \/ Yoast SEO plugin. -->","yoast_head_json":{"title":"Blanc Days!","description":"Entrevistas y charlas sobre dise\u00f1o, creatividad e innovaci\u00f3n durante la edici\u00f3n n.12 de Blanc!","robots":{"index":"index","follow":"follow","max-snippet":"max-snippet:-1","max-image-preview":"max-image-preview:large","max-video-preview":"max-video-preview:-1"},"canonical":"https:\/\/blancfestival.com\/blanc-days\/","og_locale":"ca_ES","og_type":"article","og_title":"Blanc Days!","og_description":"Entrevistas y charlas sobre dise\u00f1o, creatividad e innovaci\u00f3n durante la edici\u00f3n n.12 de Blanc!","og_url":"https:\/\/blancfestival.com\/blanc-days\/","og_site_name":"Blanc!","article_publisher":"https:\/\/www.facebook.com\/blanc.festivaldissenygrafic\/","article_modified_time":"2020-10-26T17:05:54+00:00","og_image":[{"width":1081,"height":1081,"url":"https:\/\/blancfestival.com\/wp-content\/uploads\/2020\/10\/feed_generico.png","type":"image\/png"}],"twitter_card":"summary_large_image","twitter_site":"@blancfest","schema":{"@context":"https:\/\/schema.org","@graph":[{"@type":"WebPage","@id":"https:\/\/blancfestival.com\/blanc-days\/","url":"https:\/\/blancfestival.com\/blanc-days\/","name":"Blanc Days!","isPartOf":{"@id":"https:\/\/blancfestival.com\/#website"},"primaryImageOfPage":{"@id":"https:\/\/blancfestival.com\/blanc-days\/#primaryimage"},"image":{"@id":"https:\/\/blancfestival.com\/blanc-days\/#primaryimage"},"thumbnailUrl":"https:\/\/blancfestival.com\/wp-content\/uploads\/2020\/10\/feed_generico.png","datePublished":"2020-03-19T13:02:44+00:00","dateModified":"2020-10-26T17:05:54+00:00","description":"Entrevistas y charlas sobre dise\u00f1o, creatividad e innovaci\u00f3n durante la edici\u00f3n n.12 de Blanc!","breadcrumb":{"@id":"https:\/\/blancfestival.com\/blanc-days\/#breadcrumb"},"inLanguage":"ca","potentialAction":[{"@type":"ReadAction","target":["https:\/\/blancfestival.com\/blanc-days\/"]}]},{"@type":"ImageObject","inLanguage":"ca","@id":"https:\/\/blancfestival.com\/blanc-days\/#primaryimage","url":"https:\/\/blancfestival.com\/wp-content\/uploads\/2020\/10\/feed_generico.png","contentUrl":"https:\/\/blancfestival.com\/wp-content\/uploads\/2020\/10\/feed_generico.png","width":1081,"height":1081},{"@type":"BreadcrumbList","@id":"https:\/\/blancfestival.com\/blanc-days\/#breadcrumb","itemListElement":[{"@type":"ListItem","position":1,"name":"Portada","item":"https:\/\/blancfestival.com\/ca\/"},{"@type":"ListItem","position":2,"name":"Videos Blanc! countdown"}]},{"@type":"WebSite","@id":"https:\/\/blancfestival.com\/#website","url":"https:\/\/blancfestival.com\/","name":"Blanc! Festival","description":"Disseny, Creativitat i Innovaci\u00f3","publisher":{"@id":"https:\/\/blancfestival.com\/#organization"},"potentialAction":[{"@type":"SearchAction","target":{"@type":"EntryPoint","urlTemplate":"https:\/\/blancfestival.com\/?s={search_term_string}"},"query-input":{"@type":"PropertyValueSpecification","valueRequired":true,"valueName":"search_term_string"}}],"inLanguage":"ca"},{"@type":"Organization","@id":"https:\/\/blancfestival.com\/#organization","name":"Blanc! Festival de Dise\u00f1o, Creatividad e Innovaci\u00f3n","url":"https:\/\/blancfestival.com\/","logo":{"@type":"ImageObject","inLanguage":"ca","@id":"https:\/\/blancfestival.com\/#\/schema\/logo\/image\/","url":"https:\/\/blancfestival.com\/wp-content\/uploads\/2025\/01\/logo_icono_blanc.jpg","contentUrl":"https:\/\/blancfestival.com\/wp-content\/uploads\/2025\/01\/logo_icono_blanc.jpg","width":2000,"height":2000,"caption":"Blanc! Festival de Dise\u00f1o, Creatividad e Innovaci\u00f3n"},"image":{"@id":"https:\/\/blancfestival.com\/#\/schema\/logo\/image\/"},"sameAs":["https:\/\/www.facebook.com\/blanc.festivaldissenygrafic\/","https:\/\/x.com\/blancfest","https:\/\/www.instagram.com\/blancfest\/","https:\/\/www.linkedin.com\/company\/blanc-festival","https:\/\/www.pinterest.com\/blancfest\/","https:\/\/www.youtube.com\/channel\/UCM-IjxOFb5gQg4yPgmze3Gg"]}]}},"_links":{"self":[{"href":"https:\/\/blancfestival.com\/ca\/wp-json\/wp\/v2\/pages\/1959","targetHints":{"allow":["GET"]}}],"collection":[{"href":"https:\/\/blancfestival.com\/ca\/wp-json\/wp\/v2\/pages"}],"about":[{"href":"https:\/\/blancfestival.com\/ca\/wp-json\/wp\/v2\/types\/page"}],"author":[{"embeddable":true,"href":"https:\/\/blancfestival.com\/ca\/wp-json\/wp\/v2\/users\/1"}],"replies":[{"embeddable":true,"href":"https:\/\/blancfestival.com\/ca\/wp-json\/wp\/v2\/comments?post=1959"}],"version-history":[{"count":1,"href":"https:\/\/blancfestival.com\/ca\/wp-json\/wp\/v2\/pages\/1959\/revisions"}],"predecessor-version":[{"id":1960,"href":"https:\/\/blancfestival.com\/ca\/wp-json\/wp\/v2\/pages\/1959\/revisions\/1960"}],"wp:featuredmedia":[{"embeddable":true,"href":"https:\/\/blancfestival.com\/ca\/wp-json\/wp\/v2\/media\/4675"}],"wp:attachment":[{"href":"https:\/\/blancfestival.com\/ca\/wp-json\/wp\/v2\/media?parent=1959"}],"wp:term":[{"taxonomy":"evento","embeddable":true,"href":"https:\/\/blancfestival.com\/ca\/wp-json\/wp\/v2\/evento?post=1959"}],"curies":[{"name":"wp","href":"https:\/\/api.w.org\/{rel}","templated":true}]}}