{"id":13349,"date":"2022-10-02T09:48:44","date_gmt":"2022-10-02T07:48:44","guid":{"rendered":"https:\/\/blancfestival.com\/ubicacion\/"},"modified":"2023-08-29T15:18:40","modified_gmt":"2023-08-29T13:18:40","slug":"location","status":"publish","type":"page","link":"https:\/\/blancfestival.com\/en\/location\/","title":{"rendered":"Location"},"content":{"rendered":"<div id=\"pl-13349\"  class=\"panel-layout\" ><div id=\"pg-13349-0\"  class=\"panel-grid panel-has-style\" ><div class=\"panel-row-style panel-row-style-for-13349-0\" ><div id=\"pgc-13349-0-0\"  class=\"panel-grid-cell\" ><div class=\"panel-cell-style panel-cell-style-for-13349-0-0\" ><div id=\"panel-13349-0-0-0\" class=\"widget_text so-panel widget widget_custom_html panel-first-child panel-last-child\" data-index=\"0\" ><div class=\"widget_text panel-widget-style panel-widget-style-for-13349-0-0-0\" ><div class=\"textwidget custom-html-widget\"><div>\n<div>\n<h2>\n\nVilanova i la Geltr\u00fa<\/h2>\n\n\n<p>\nVilanova i la Geltr\u00fa is a city located 40 minutes from Barcelona and 40 minutes from Tarragona. Very well connected by train or buses and immediate exit to the main state highways.\n<\/p>\n\n\n<h3>\n\nLa Daurada\n<\/h3>\n<p>\n\nLa Daurada is a space of more than 10,000m2 located in the nautical port of Vilanova i la Geltr\u00fa, literally immersed in the Mediterranean. The conferences of the Blanc! are held in an indoor area with a retractable cover and equipped with the latest audiovisual technology. All surrounded by a natural, fresh and open environment.<br><br>\n\nAddress:<br>\nPla\u00e7a Trajo de Garb\u00ed, s\/n, Moll de Ponent<br>\n08800 Vilanova i la Geltr\u00fa<br>\nBarcelona <a href=\"https:\/\/goo.gl\/maps\/jbuLCeQat6eTHDvc7\" target=\"_blank\">(Google Maps)<\/a><br>\n<\/p>\n<\/div><\/div><\/div><\/div><\/div><\/div><\/div><div id=\"pgc-13349-0-1\"  class=\"panel-grid-cell\" ><div id=\"panel-13349-0-1-0\" class=\"so-panel widget widget_media_image panel-first-child panel-last-child\" data-index=\"1\" ><img loading=\"lazy\" decoding=\"async\" width=\"1270\" height=\"843\" src=\"https:\/\/blancfestival.com\/wp-content\/uploads\/2022\/07\/daurada-16-9-1.jpg\" class=\"image wp-image-8971  attachment-full size-full\" alt=\"\" style=\"max-width: 100%; height: auto;\" srcset=\"https:\/\/blancfestival.com\/wp-content\/uploads\/2022\/07\/daurada-16-9-1.jpg 1270w, https:\/\/blancfestival.com\/wp-content\/uploads\/2022\/07\/daurada-16-9-1-250x166.jpg 250w, https:\/\/blancfestival.com\/wp-content\/uploads\/2022\/07\/daurada-16-9-1-700x465.jpg 700w, https:\/\/blancfestival.com\/wp-content\/uploads\/2022\/07\/daurada-16-9-1-768x510.jpg 768w, https:\/\/blancfestival.com\/wp-content\/uploads\/2022\/07\/daurada-16-9-1-120x80.jpg 120w, https:\/\/blancfestival.com\/wp-content\/uploads\/2022\/07\/daurada-16-9-1-272x182.jpg 272w\" sizes=\"auto, (max-width: 1270px) 100vw, 1270px\" \/><\/div><\/div><\/div><\/div><div id=\"pg-13349-1\"  class=\"panel-grid panel-has-style\" ><div class=\"panel-row-style panel-row-style-for-13349-1\" ><div id=\"pgc-13349-1-0\"  class=\"panel-grid-cell\" ><div class=\"panel-cell-style panel-cell-style-for-13349-1-0\" ><div id=\"panel-13349-1-0-0\" class=\"so-panel widget widget_media_image panel-first-child\" data-index=\"2\" ><div class=\"panel-widget-style panel-widget-style-for-13349-1-0-0\" ><img loading=\"lazy\" decoding=\"async\" width=\"1240\" height=\"698\" src=\"https:\/\/blancfestival.com\/wp-content\/uploads\/2022\/10\/home-la-daurada-1.jpg\" class=\"image wp-image-11393 card-img img-fit attachment-full size-full\" alt=\"\" style=\"max-width: 100%; height: auto;\" srcset=\"https:\/\/blancfestival.com\/wp-content\/uploads\/2022\/10\/home-la-daurada-1.jpg 1240w, https:\/\/blancfestival.com\/wp-content\/uploads\/2022\/10\/home-la-daurada-1-250x141.jpg 250w, https:\/\/blancfestival.com\/wp-content\/uploads\/2022\/10\/home-la-daurada-1-700x394.jpg 700w, https:\/\/blancfestival.com\/wp-content\/uploads\/2022\/10\/home-la-daurada-1-768x432.jpg 768w, https:\/\/blancfestival.com\/wp-content\/uploads\/2022\/10\/home-la-daurada-1-120x68.jpg 120w\" sizes=\"auto, (max-width: 1240px) 100vw, 1240px\" \/><\/div><\/div><div id=\"panel-13349-1-0-1\" class=\"widget_text so-panel widget widget_custom_html panel-last-child\" data-index=\"3\" ><div class=\"widget_text panel-widget-style panel-widget-style-for-13349-1-0-1\" ><div class=\"textwidget custom-html-widget\"><div>\n\n<div><h2>La Daurada - Vilanova i la Geltr\u00fa<\/h2>\n\n<p>La Daurada is a beach club literally in the sea, an open environment with views of the city's skyline. You will find it in Pla\u00e7a Trajo de Garb\u00ed, s\/n, Moll de Ponent in Vilanova i la Geltr\u00fa, only 40' from Barcelona and 30' from Tarragona. If you need information on accommodation near the event, <a href=\"https:\/\/ blancfestival.com\/en\/accommodation\/\" target=\"_blank\">click here<\/a><\/p>\n<\/div><\/div><\/div><\/div><\/div><\/div><\/div><div id=\"pgc-13349-1-1\"  class=\"panel-grid-cell\" ><div class=\"panel-cell-style panel-cell-style-for-13349-1-1\" ><div id=\"panel-13349-1-1-0\" class=\"so-panel widget widget_media_image panel-first-child\" data-index=\"4\" ><div class=\"panel-widget-style panel-widget-style-for-13349-1-1-0\" ><img loading=\"lazy\" decoding=\"async\" width=\"900\" height=\"507\" src=\"https:\/\/blancfestival.com\/wp-content\/uploads\/2022\/10\/tren-vilanova.jpg\" class=\"image wp-image-11402 card-img img-fit attachment-full size-full\" alt=\"\" style=\"max-width: 100%; height: auto;\" srcset=\"https:\/\/blancfestival.com\/wp-content\/uploads\/2022\/10\/tren-vilanova.jpg 900w, https:\/\/blancfestival.com\/wp-content\/uploads\/2022\/10\/tren-vilanova-250x141.jpg 250w, https:\/\/blancfestival.com\/wp-content\/uploads\/2022\/10\/tren-vilanova-700x394.jpg 700w, https:\/\/blancfestival.com\/wp-content\/uploads\/2022\/10\/tren-vilanova-768x433.jpg 768w, https:\/\/blancfestival.com\/wp-content\/uploads\/2022\/10\/tren-vilanova-120x68.jpg 120w\" sizes=\"auto, (max-width: 900px) 100vw, 900px\" \/><\/div><\/div><div id=\"panel-13349-1-1-1\" class=\"widget_text so-panel widget widget_custom_html panel-last-child\" data-index=\"5\" ><div class=\"widget_text panel-widget-style panel-widget-style-for-13349-1-1-1\" ><div class=\"textwidget custom-html-widget\"><div>\n\n<div><h2>By train (5% discount for Blanc attendees!)<\/h2>\n\n<p>Vilanova i la Geltr\u00fa has very good connections with Barcelona and Tarragona intermediating the Renfe Cercan\u00edas trains. A train leaves the city every 15 minutes, only 40 minutes from Barcelona.<br>\n\nRegional, medium and long-distance trains also have a stop in the city, such as the Regional Express Madrid-Barcelona. Heading south and just 40 minutes away, we find the Camp de Tarragona AVE train station with a connection to Madrid in less than two and a half hours.\nAsk soporte@blancfestival.com about the 5% discount for festival attendees.\n<\/p>\n<\/div><\/div><\/div><\/div><\/div><\/div><\/div><div id=\"pgc-13349-1-2\"  class=\"panel-grid-cell\" ><div id=\"panel-13349-1-2-0\" class=\"so-panel widget widget_media_image panel-first-child\" data-index=\"6\" ><div class=\"panel-widget-style panel-widget-style-for-13349-1-2-0\" ><img loading=\"lazy\" decoding=\"async\" width=\"900\" height=\"507\" src=\"https:\/\/blancfestival.com\/wp-content\/uploads\/2022\/10\/carretera-vilanova.jpg\" class=\"image wp-image-11405 card-img img-fit attachment-full size-full\" alt=\"\" style=\"max-width: 100%; height: auto;\" srcset=\"https:\/\/blancfestival.com\/wp-content\/uploads\/2022\/10\/carretera-vilanova.jpg 900w, https:\/\/blancfestival.com\/wp-content\/uploads\/2022\/10\/carretera-vilanova-250x141.jpg 250w, https:\/\/blancfestival.com\/wp-content\/uploads\/2022\/10\/carretera-vilanova-700x394.jpg 700w, https:\/\/blancfestival.com\/wp-content\/uploads\/2022\/10\/carretera-vilanova-768x433.jpg 768w, https:\/\/blancfestival.com\/wp-content\/uploads\/2022\/10\/carretera-vilanova-120x68.jpg 120w\" sizes=\"auto, (max-width: 900px) 100vw, 900px\" \/><\/div><\/div><div id=\"panel-13349-1-2-1\" class=\"widget_text so-panel widget widget_custom_html panel-last-child\" data-index=\"7\" ><div class=\"widget_text panel-widget-style panel-widget-style-for-13349-1-2-1\" ><div class=\"textwidget custom-html-widget\"><div>\n\n<div><h2>By road<\/h2>\n<p>\nThe C-32 motorway links Vilanova i la Geltr\u00fa with Barcelona in 30 minutes and with Tarragona in 40 minutes. In 15 minutes and through the C-15, you reach the AP-7 motorway, which in a northerly direction reaches the border with France, which is connected to the European motorway network, and in a southerly direction, with the rest of the motorways of the Spanish territory.<\/p>\n<\/div><\/div><\/div><\/div><\/div><\/div><div id=\"pgc-13349-1-3\"  class=\"panel-grid-cell\" ><div id=\"panel-13349-1-3-0\" class=\"so-panel widget widget_media_image panel-first-child\" data-index=\"8\" ><div class=\"panel-widget-style panel-widget-style-for-13349-1-3-0\" ><img loading=\"lazy\" decoding=\"async\" width=\"900\" height=\"507\" src=\"https:\/\/blancfestival.com\/wp-content\/uploads\/2022\/10\/avion-vilanova.jpg\" class=\"image wp-image-11410 card-img img-fit attachment-full size-full\" alt=\"\" style=\"max-width: 100%; height: auto;\" srcset=\"https:\/\/blancfestival.com\/wp-content\/uploads\/2022\/10\/avion-vilanova.jpg 900w, https:\/\/blancfestival.com\/wp-content\/uploads\/2022\/10\/avion-vilanova-250x141.jpg 250w, https:\/\/blancfestival.com\/wp-content\/uploads\/2022\/10\/avion-vilanova-700x394.jpg 700w, https:\/\/blancfestival.com\/wp-content\/uploads\/2022\/10\/avion-vilanova-768x433.jpg 768w, https:\/\/blancfestival.com\/wp-content\/uploads\/2022\/10\/avion-vilanova-120x68.jpg 120w\" sizes=\"auto, (max-width: 900px) 100vw, 900px\" \/><\/div><\/div><div id=\"panel-13349-1-3-1\" class=\"widget_text so-panel widget widget_custom_html panel-last-child\" data-index=\"9\" ><div class=\"widget_text panel-widget-style panel-widget-style-for-13349-1-3-1\" ><div class=\"textwidget custom-html-widget\"><div>\n\n<div><h2>By plane<\/h2>\n<p>\nVilanova i la Geltr\u00fa enjoys a privileged geographical situation, since it is halfway between two international airports. The Barcelona-El Prat international airport, 30 km from the city, where most of the airlines operate.\n\nOn the other hand, Reus airport, 50 km from Vilanova i la Geltr\u00fa, has regular connections with Madrid airport and with other connections with foreign airports, such as London and most European capitals.\n\n<\/p>\n<\/div><\/div><\/div><\/div><\/div><\/div><\/div><\/div><div id=\"pg-13349-2\"  class=\"panel-grid panel-has-style\" ><div class=\"panel-row-style panel-row-style-for-13349-2\" ><div id=\"pgc-13349-2-0\"  class=\"panel-grid-cell\" ><div id=\"panel-13349-2-0-0\" class=\"widget_text so-panel widget widget_custom_html panel-first-child panel-last-child\" data-index=\"10\" ><div class=\"widget_text panel-widget-style panel-widget-style-for-13349-2-0-0\" ><div class=\"textwidget custom-html-widget\"><iframe src=\"https:\/\/www.google.com\/maps\/embed?pb=!1m14!1m8!1m3!1d12006.157527320282!2d1.7279967!3d41.2100148!3m2!1i1024!2i768!4f13.1!3m3!1m2!1s0x12a387c59b464931%3A0x18d459e2a92efeca!2sLa%20Daurada!5e0!3m2!1ses!2ses!4v1684241434739!5m2!1ses!2ses\" width=\"100%\" height=\"450\" style=\"border:0;\" allowfullscreen=\"\" loading=\"lazy\" referrerpolicy=\"no-referrer-when-downgrade\"><\/iframe><\/div><\/div><\/div><\/div><\/div><\/div><\/div>","protected":false},"excerpt":{"rendered":"Vilanova i la Geltr\u00fa Vilanova i la Geltr\u00fa is a city located 40 minutes from Barcelona and 40 minutes from Tarragona. Very well connected by train or buses and immediate exit to the main state highways. La Daurada La Daurada is a space of more than 10,000m2 located in the nautical port of Vilanova i&hellip;","protected":false},"author":1,"featured_media":11330,"parent":0,"menu_order":67,"comment_status":"closed","ping_status":"closed","template":"","meta":{"_acf_changed":false,"footnotes":""},"evento":[],"class_list":["post-13349","page","type-page","status-publish","has-post-thumbnail","hentry"],"acf":[],"yoast_head":"<!-- This site is optimized with the Yoast SEO plugin v23.7 - https:\/\/yoast.com\/wordpress\/plugins\/seo\/ -->\n<title>Ubicaci\u00f3n en Blanc!<\/title>\n<meta name=\"description\" content=\"El Festival se realiza en La Daurada, en Vilanova i la Geltr\u00fa, a s\u00f3lo 40 minutos de Barcelona y 30 minutos desde Tarragona.\" \/>\n<meta name=\"robots\" content=\"index, follow, max-snippet:-1, max-image-preview:large, max-video-preview:-1\" \/>\n<link rel=\"canonical\" href=\"https:\/\/blancfestival.com\/en\/location\/\" \/>\n<meta property=\"og:locale\" content=\"en_US\" \/>\n<meta property=\"og:type\" content=\"article\" \/>\n<meta property=\"og:title\" content=\"Ubicaci\u00f3n en Blanc!\" \/>\n<meta property=\"og:description\" content=\"El Festival se realiza en La Daurada, en Vilanova i la Geltr\u00fa, a s\u00f3lo 40 minutos de Barcelona y 30 minutos desde Tarragona.\" \/>\n<meta property=\"og:url\" content=\"https:\/\/blancfestival.com\/en\/location\/\" \/>\n<meta property=\"og:site_name\" content=\"Blanc!\" \/>\n<meta property=\"article:publisher\" content=\"https:\/\/www.facebook.com\/blanc.festivaldissenygrafic\/\" \/>\n<meta property=\"article:modified_time\" content=\"2023-08-29T13:18:40+00:00\" \/>\n<meta property=\"og:image\" content=\"https:\/\/blancfestival.com\/wp-content\/uploads\/2022\/10\/HOTEL-CESAR2.jpg\" \/>\n\t<meta property=\"og:image:width\" content=\"1024\" \/>\n\t<meta property=\"og:image:height\" content=\"768\" \/>\n\t<meta property=\"og:image:type\" content=\"image\/jpeg\" \/>\n<meta name=\"twitter:card\" content=\"summary_large_image\" \/>\n<meta name=\"twitter:site\" content=\"@blancfest\" \/>\n<script type=\"application\/ld+json\" class=\"yoast-schema-graph\">{\"@context\":\"https:\/\/schema.org\",\"@graph\":[{\"@type\":\"WebPage\",\"@id\":\"https:\/\/blancfestival.com\/en\/location\/\",\"url\":\"https:\/\/blancfestival.com\/en\/location\/\",\"name\":\"Ubicaci\u00f3n en Blanc!\",\"isPartOf\":{\"@id\":\"https:\/\/blancfestival.com\/#website\"},\"primaryImageOfPage\":{\"@id\":\"https:\/\/blancfestival.com\/en\/location\/#primaryimage\"},\"image\":{\"@id\":\"https:\/\/blancfestival.com\/en\/location\/#primaryimage\"},\"thumbnailUrl\":\"https:\/\/blancfestival.com\/wp-content\/uploads\/2022\/10\/HOTEL-CESAR2.jpg\",\"datePublished\":\"2022-10-02T07:48:44+00:00\",\"dateModified\":\"2023-08-29T13:18:40+00:00\",\"description\":\"El Festival se realiza en La Daurada, en Vilanova i la Geltr\u00fa, a s\u00f3lo 40 minutos de Barcelona y 30 minutos desde Tarragona.\",\"breadcrumb\":{\"@id\":\"https:\/\/blancfestival.com\/en\/location\/#breadcrumb\"},\"inLanguage\":\"en-US\",\"potentialAction\":[{\"@type\":\"ReadAction\",\"target\":[\"https:\/\/blancfestival.com\/en\/location\/\"]}]},{\"@type\":\"ImageObject\",\"inLanguage\":\"en-US\",\"@id\":\"https:\/\/blancfestival.com\/en\/location\/#primaryimage\",\"url\":\"https:\/\/blancfestival.com\/wp-content\/uploads\/2022\/10\/HOTEL-CESAR2.jpg\",\"contentUrl\":\"https:\/\/blancfestival.com\/wp-content\/uploads\/2022\/10\/HOTEL-CESAR2.jpg\",\"width\":1024,\"height\":768},{\"@type\":\"BreadcrumbList\",\"@id\":\"https:\/\/blancfestival.com\/en\/location\/#breadcrumb\",\"itemListElement\":[{\"@type\":\"ListItem\",\"position\":1,\"name\":\"Portada\",\"item\":\"https:\/\/blancfestival.com\/en\/\"},{\"@type\":\"ListItem\",\"position\":2,\"name\":\"Location\"}]},{\"@type\":\"WebSite\",\"@id\":\"https:\/\/blancfestival.com\/#website\",\"url\":\"https:\/\/blancfestival.com\/\",\"name\":\"Blanc! Festival\",\"description\":\"Dise\u00f1o, Creatividad e Innovaci\u00f3n\",\"publisher\":{\"@id\":\"https:\/\/blancfestival.com\/#organization\"},\"potentialAction\":[{\"@type\":\"SearchAction\",\"target\":{\"@type\":\"EntryPoint\",\"urlTemplate\":\"https:\/\/blancfestival.com\/?s={search_term_string}\"},\"query-input\":{\"@type\":\"PropertyValueSpecification\",\"valueRequired\":true,\"valueName\":\"search_term_string\"}}],\"inLanguage\":\"en-US\"},{\"@type\":\"Organization\",\"@id\":\"https:\/\/blancfestival.com\/#organization\",\"name\":\"Blanc! Festival de Dise\u00f1o, Creatividad e Innovaci\u00f3n\",\"url\":\"https:\/\/blancfestival.com\/\",\"logo\":{\"@type\":\"ImageObject\",\"inLanguage\":\"en-US\",\"@id\":\"https:\/\/blancfestival.com\/#\/schema\/logo\/image\/\",\"url\":\"https:\/\/blancfestival.com\/wp-content\/uploads\/2025\/01\/logo_icono_blanc.jpg\",\"contentUrl\":\"https:\/\/blancfestival.com\/wp-content\/uploads\/2025\/01\/logo_icono_blanc.jpg\",\"width\":2000,\"height\":2000,\"caption\":\"Blanc! Festival de Dise\u00f1o, Creatividad e Innovaci\u00f3n\"},\"image\":{\"@id\":\"https:\/\/blancfestival.com\/#\/schema\/logo\/image\/\"},\"sameAs\":[\"https:\/\/www.facebook.com\/blanc.festivaldissenygrafic\/\",\"https:\/\/x.com\/blancfest\",\"https:\/\/www.instagram.com\/blancfest\/\",\"https:\/\/www.linkedin.com\/company\/blanc-festival\",\"https:\/\/www.pinterest.com\/blancfest\/\",\"https:\/\/www.youtube.com\/channel\/UCM-IjxOFb5gQg4yPgmze3Gg\"]}]}<\/script>\n<!-- \/ Yoast SEO plugin. -->","yoast_head_json":{"title":"Ubicaci\u00f3n en Blanc!","description":"El Festival se realiza en La Daurada, en Vilanova i la Geltr\u00fa, a s\u00f3lo 40 minutos de Barcelona y 30 minutos desde Tarragona.","robots":{"index":"index","follow":"follow","max-snippet":"max-snippet:-1","max-image-preview":"max-image-preview:large","max-video-preview":"max-video-preview:-1"},"canonical":"https:\/\/blancfestival.com\/en\/location\/","og_locale":"en_US","og_type":"article","og_title":"Ubicaci\u00f3n en Blanc!","og_description":"El Festival se realiza en La Daurada, en Vilanova i la Geltr\u00fa, a s\u00f3lo 40 minutos de Barcelona y 30 minutos desde Tarragona.","og_url":"https:\/\/blancfestival.com\/en\/location\/","og_site_name":"Blanc!","article_publisher":"https:\/\/www.facebook.com\/blanc.festivaldissenygrafic\/","article_modified_time":"2023-08-29T13:18:40+00:00","og_image":[{"width":1024,"height":768,"url":"https:\/\/blancfestival.com\/wp-content\/uploads\/2022\/10\/HOTEL-CESAR2.jpg","type":"image\/jpeg"}],"twitter_card":"summary_large_image","twitter_site":"@blancfest","schema":{"@context":"https:\/\/schema.org","@graph":[{"@type":"WebPage","@id":"https:\/\/blancfestival.com\/en\/location\/","url":"https:\/\/blancfestival.com\/en\/location\/","name":"Ubicaci\u00f3n en Blanc!","isPartOf":{"@id":"https:\/\/blancfestival.com\/#website"},"primaryImageOfPage":{"@id":"https:\/\/blancfestival.com\/en\/location\/#primaryimage"},"image":{"@id":"https:\/\/blancfestival.com\/en\/location\/#primaryimage"},"thumbnailUrl":"https:\/\/blancfestival.com\/wp-content\/uploads\/2022\/10\/HOTEL-CESAR2.jpg","datePublished":"2022-10-02T07:48:44+00:00","dateModified":"2023-08-29T13:18:40+00:00","description":"El Festival se realiza en La Daurada, en Vilanova i la Geltr\u00fa, a s\u00f3lo 40 minutos de Barcelona y 30 minutos desde Tarragona.","breadcrumb":{"@id":"https:\/\/blancfestival.com\/en\/location\/#breadcrumb"},"inLanguage":"en-US","potentialAction":[{"@type":"ReadAction","target":["https:\/\/blancfestival.com\/en\/location\/"]}]},{"@type":"ImageObject","inLanguage":"en-US","@id":"https:\/\/blancfestival.com\/en\/location\/#primaryimage","url":"https:\/\/blancfestival.com\/wp-content\/uploads\/2022\/10\/HOTEL-CESAR2.jpg","contentUrl":"https:\/\/blancfestival.com\/wp-content\/uploads\/2022\/10\/HOTEL-CESAR2.jpg","width":1024,"height":768},{"@type":"BreadcrumbList","@id":"https:\/\/blancfestival.com\/en\/location\/#breadcrumb","itemListElement":[{"@type":"ListItem","position":1,"name":"Portada","item":"https:\/\/blancfestival.com\/en\/"},{"@type":"ListItem","position":2,"name":"Location"}]},{"@type":"WebSite","@id":"https:\/\/blancfestival.com\/#website","url":"https:\/\/blancfestival.com\/","name":"Blanc! Festival","description":"Dise\u00f1o, Creatividad e Innovaci\u00f3n","publisher":{"@id":"https:\/\/blancfestival.com\/#organization"},"potentialAction":[{"@type":"SearchAction","target":{"@type":"EntryPoint","urlTemplate":"https:\/\/blancfestival.com\/?s={search_term_string}"},"query-input":{"@type":"PropertyValueSpecification","valueRequired":true,"valueName":"search_term_string"}}],"inLanguage":"en-US"},{"@type":"Organization","@id":"https:\/\/blancfestival.com\/#organization","name":"Blanc! Festival de Dise\u00f1o, Creatividad e Innovaci\u00f3n","url":"https:\/\/blancfestival.com\/","logo":{"@type":"ImageObject","inLanguage":"en-US","@id":"https:\/\/blancfestival.com\/#\/schema\/logo\/image\/","url":"https:\/\/blancfestival.com\/wp-content\/uploads\/2025\/01\/logo_icono_blanc.jpg","contentUrl":"https:\/\/blancfestival.com\/wp-content\/uploads\/2025\/01\/logo_icono_blanc.jpg","width":2000,"height":2000,"caption":"Blanc! Festival de Dise\u00f1o, Creatividad e Innovaci\u00f3n"},"image":{"@id":"https:\/\/blancfestival.com\/#\/schema\/logo\/image\/"},"sameAs":["https:\/\/www.facebook.com\/blanc.festivaldissenygrafic\/","https:\/\/x.com\/blancfest","https:\/\/www.instagram.com\/blancfest\/","https:\/\/www.linkedin.com\/company\/blanc-festival","https:\/\/www.pinterest.com\/blancfest\/","https:\/\/www.youtube.com\/channel\/UCM-IjxOFb5gQg4yPgmze3Gg"]}]}},"_links":{"self":[{"href":"https:\/\/blancfestival.com\/en\/wp-json\/wp\/v2\/pages\/13349","targetHints":{"allow":["GET"]}}],"collection":[{"href":"https:\/\/blancfestival.com\/en\/wp-json\/wp\/v2\/pages"}],"about":[{"href":"https:\/\/blancfestival.com\/en\/wp-json\/wp\/v2\/types\/page"}],"author":[{"embeddable":true,"href":"https:\/\/blancfestival.com\/en\/wp-json\/wp\/v2\/users\/1"}],"replies":[{"embeddable":true,"href":"https:\/\/blancfestival.com\/en\/wp-json\/wp\/v2\/comments?post=13349"}],"version-history":[{"count":6,"href":"https:\/\/blancfestival.com\/en\/wp-json\/wp\/v2\/pages\/13349\/revisions"}],"predecessor-version":[{"id":14521,"href":"https:\/\/blancfestival.com\/en\/wp-json\/wp\/v2\/pages\/13349\/revisions\/14521"}],"wp:featuredmedia":[{"embeddable":true,"href":"https:\/\/blancfestival.com\/en\/wp-json\/wp\/v2\/media\/11330"}],"wp:attachment":[{"href":"https:\/\/blancfestival.com\/en\/wp-json\/wp\/v2\/media?parent=13349"}],"wp:term":[{"taxonomy":"evento","embeddable":true,"href":"https:\/\/blancfestival.com\/en\/wp-json\/wp\/v2\/evento?post=13349"}],"curies":[{"name":"wp","href":"https:\/\/api.w.org\/{rel}","templated":true}]}}